{"id":28,"date":"2026-04-15T13:04:09","date_gmt":"2026-04-15T13:04:09","guid":{"rendered":"https:\/\/xn--zwar-wlfrath-ilb.de\/?page_id=28"},"modified":"2026-04-15T13:04:09","modified_gmt":"2026-04-15T13:04:09","slug":"impressum","status":"publish","type":"page","link":"https:\/\/xn--zwar-wlfrath-ilb.de\/index.php\/impressum\/","title":{"rendered":"Impressum"},"content":{"rendered":"\n<div style=\"padding:30px;box-shadow:0px 24px 48px 0px rgba(193,203,220,0.4)\" class=\"wp-block-thongtruong-card-block-with-box-shadow\">\n<h1 class=\"wp-block-heading\">Impressum<\/h1>\n\n\n<style>.kb-image28_23b1f2-83 .kb-image-has-overlay:after{opacity:0.3;}<\/style>\n<figure class=\"wp-block-kadence-image kb-image28_23b1f2-83 size-full\"><img decoding=\"async\" src=\"http:\/\/localhost\/zwar-w%C3%BClfrath\/wp-content\/uploads\/2026\/04\/cropped-cropped-Zwar_Logo_1-1-3.jpg\" alt=\"\" class=\"kb-img wp-image-14464\"\/><\/figure>\n\n\n\n<p>Angaben lt. TMG:<\/p>\n\n\n\n<p>Anbieter und Verantwortlicher i.S.d. TMG<\/p>\n\n\n\n<p>Dieter Moschner <\/p>\n\n\n\n<p><em>E-Mail: zwar-w\u00fclfrath.de<\/em><\/p>\n\n\n\n<p>Haftung f\u00fcr Inhalte<\/p>\n\n\n\n<p>Die Inhalte unserer Seiten wurden mit gr\u00f6\u00dfter Sorgfalt erstellt. F\u00fcr die Richtigkeit, Vollst\u00e4ndigkeit und Aktualit\u00e4t der Inhalte k\u00f6nnen wir jedoch keine Gew\u00e4hr \u00fcbernehmen. Bei Bekanntwerden von Rechtsverletzungen werden wir entsprechende Inhalte umgehend entfernen.<\/p>\n\n\n\n<p>Urheberrecht<\/p>\n\n\n\n<p>Die durch den Seitenbetreiber erstellten Inhalte und Werke auf diesen Seiten unterliegen dem deutschen Urheberrecht. Die Vervielf\u00e4ltigung, Bearbeitung, Verbreitung und jede Art der Verwertung au\u00dferhalb der Grenzen des Urheberrechtes bed\u00fcrfen der schriftlichen Zustimmung des jeweiligen Autors bzw. Erstellers. Downloads und Kopien dieser Seite sind nur f\u00fcr den privaten, nicht kommerziellen Gebrauch gestattet.<\/p>\n\n\n\n<p>Datenschutz<\/p>\n\n\n\n<p>Die Nutzung unserer Webseite ist ohne Angabe personenbezogener Daten m\u00f6glich. Der Nutzung der im Rahmen der Impressumspflicht und sonstigen zur Information von ZWAR \u2013 Interessenten ver\u00f6ffentlichten personenbezogenen Kontaktdaten durch Dritte zur \u00dcbersendung von nicht ausdr\u00fccklich angeforderter Werbung und Informationsmaterialien wird hiermitausdr\u00fccklich widersprochen. Die ggf. Betroffenen behalten sich ausdr\u00fccklich rechtliche Schritte im Falle der unverlangten Zusendung von Werbeinformationen, etwa durch Spam-Mails, vor.<\/p>\n<\/div>\n","protected":false},"excerpt":{"rendered":"","protected":false},"author":1,"featured_media":0,"parent":0,"menu_order":0,"comment_status":"closed","ping_status":"closed","template":"","meta":{"iawp_total_views":0,"footnotes":""},"class_list":["post-28","page","type-page","status-publish","hentry"],"_links":{"self":[{"href":"https:\/\/xn--zwar-wlfrath-ilb.de\/index.php\/wp-json\/wp\/v2\/pages\/28","targetHints":{"allow":["GET"]}}],"collection":[{"href":"https:\/\/xn--zwar-wlfrath-ilb.de\/index.php\/wp-json\/wp\/v2\/pages"}],"about":[{"href":"https:\/\/xn--zwar-wlfrath-ilb.de\/index.php\/wp-json\/wp\/v2\/types\/page"}],"author":[{"embeddable":true,"href":"https:\/\/xn--zwar-wlfrath-ilb.de\/index.php\/wp-json\/wp\/v2\/users\/1"}],"replies":[{"embeddable":true,"href":"https:\/\/xn--zwar-wlfrath-ilb.de\/index.php\/wp-json\/wp\/v2\/comments?post=28"}],"version-history":[{"count":1,"href":"https:\/\/xn--zwar-wlfrath-ilb.de\/index.php\/wp-json\/wp\/v2\/pages\/28\/revisions"}],"predecessor-version":[{"id":30,"href":"https:\/\/xn--zwar-wlfrath-ilb.de\/index.php\/wp-json\/wp\/v2\/pages\/28\/revisions\/30"}],"wp:attachment":[{"href":"https:\/\/xn--zwar-wlfrath-ilb.de\/index.php\/wp-json\/wp\/v2\/media?parent=28"}],"curies":[{"name":"wp","href":"https:\/\/api.w.org\/{rel}","templated":true}]}}